{"id":3171,"date":"2021-01-03T19:28:42","date_gmt":"2021-01-03T19:28:42","guid":{"rendered":"https:\/\/makaecharri.com\/?page_id=3171"},"modified":"2024-01-15T16:00:32","modified_gmt":"2024-01-15T19:00:32","slug":"politica-policy","status":"publish","type":"page","link":"https:\/\/makaecharri.com\/en\/politica-policy\/","title":{"rendered":"Pol\u00edtica Policy"},"content":{"rendered":"<div data-elementor-type=\"wp-page\" data-elementor-id=\"3171\" class=\"elementor elementor-3171\">\n\t\t\t\t\t\t<section class=\"elementor-section elementor-top-section elementor-element elementor-element-4a943d9 elementor-section-boxed elementor-section-height-default elementor-section-height-default\" data-id=\"4a943d9\" data-element_type=\"section\" data-e-type=\"section\" data-settings=\"{&quot;background_background&quot;:&quot;classic&quot;}\">\n\t\t\t\t\t\t<div class=\"elementor-container elementor-column-gap-default\">\n\t\t\t\t\t<div class=\"elementor-column elementor-col-100 elementor-top-column elementor-element elementor-element-c4e9e30\" data-id=\"c4e9e30\" data-element_type=\"column\" data-e-type=\"column\">\n\t\t\t<div class=\"elementor-widget-wrap elementor-element-populated\">\n\t\t\t\t\t\t<div class=\"elementor-element elementor-element-c4d2440 elementor-widget elementor-widget-heading\" data-id=\"c4d2440\" data-element_type=\"widget\" data-e-type=\"widget\" data-widget_type=\"heading.default\">\n\t\t\t\t<div class=\"elementor-widget-container\">\n\t\t\t\t\t<h2 class=\"elementor-heading-title elementor-size-default\">Pol\u00edtica &amp; Cookies \/ Policy &amp; Terms<\/h2>\t\t\t\t<\/div>\n\t\t\t\t<\/div>\n\t\t\t\t<div class=\"elementor-element elementor-element-052eb51 elementor-widget elementor-widget-text-editor\" data-id=\"052eb51\" data-element_type=\"widget\" data-e-type=\"widget\" data-widget_type=\"text-editor.default\">\n\t\t\t\t<div class=\"elementor-widget-container\">\n\t\t\t\t\t\t\t\t\t<p><strong>Al usar este sitio web, manifest\u00e1s tu consentimiento a las Pol\u00edticas completas. Si no est\u00e1s de acuerdo con los t\u00e9rminos, por favor, no utilices el sitio. Me reservo el derecho de cambiar algo de estas pol\u00edticas y t\u00e9rminos en cualquier momento en caso de ser necesario. Consult\u00e1 esta p\u00e1gina peri\u00f3dicamente para estar al tanto de posibles cambios. Su uso continuado luego de la publicaci\u00f3n de cambios significar\u00e1 que acept\u00e1s dichas modificaciones.<\/strong> \/ <em>By using this website, you signify your assent to the Privacy Policy and Terms. If you do not agree to this policy, please do not use the site. I reserve the right to change this policy at any time, if necessary. Please check this page periodically for changes. Your continued use of <strong><span style=\"color: #ff7a85;\">makaecharri.com<\/span><\/strong> following the posting of changes to these terms will mean you accept those changes.<\/em><\/p><p><strong><em>To request access to the personal information about Privacy Policy, cookies and Terms in English, please email me at <span style=\"color: #0000ff;\">soymaka.echarri@gmail.com<\/span> I will respond to your request within 30 days.<\/em><\/strong><\/p>\t\t\t\t\t\t\t\t<\/div>\n\t\t\t\t<\/div>\n\t\t\t\t\t<\/div>\n\t\t<\/div>\n\t\t\t\t\t<\/div>\n\t\t<\/section>\n\t\t\t\t<section class=\"elementor-section elementor-top-section elementor-element elementor-element-d47ade6 elementor-section-boxed elementor-section-height-default elementor-section-height-default\" data-id=\"d47ade6\" data-element_type=\"section\" data-e-type=\"section\" data-settings=\"{&quot;background_background&quot;:&quot;classic&quot;}\">\n\t\t\t\t\t\t<div class=\"elementor-container elementor-column-gap-default\">\n\t\t\t\t\t<div class=\"elementor-column elementor-col-100 elementor-top-column elementor-element elementor-element-af97bee\" data-id=\"af97bee\" data-element_type=\"column\" data-e-type=\"column\">\n\t\t\t<div class=\"elementor-widget-wrap elementor-element-populated\">\n\t\t\t\t\t\t<div class=\"elementor-element elementor-element-8354adf elementor-widget elementor-widget-heading\" data-id=\"8354adf\" data-element_type=\"widget\" data-e-type=\"widget\" data-widget_type=\"heading.default\">\n\t\t\t\t<div class=\"elementor-widget-container\">\n\t\t\t\t\t<h2 class=\"elementor-heading-title elementor-size-default\">Aviso Legal<\/h2>\t\t\t\t<\/div>\n\t\t\t\t<\/div>\n\t\t\t\t<div class=\"elementor-element elementor-element-061d045 elementor-widget elementor-widget-text-editor\" data-id=\"061d045\" data-element_type=\"widget\" data-e-type=\"widget\" data-widget_type=\"text-editor.default\">\n\t\t\t\t<div class=\"elementor-widget-container\">\n\t\t\t\t\t\t\t\t\t<h3><b>1. POL\u00cdTICAS DE PRIVACIDAD<\/b><strong>\u00a0<\/strong><\/h3><p><span style=\"color: #7d5512;\"><b>1.A. POL\u00cdTICA DE SEGURIDAD<\/b><\/span><\/p><p><strong>Proteger tu privacidad es mi objetivo principal, por ello tu informaci\u00f3n personal est\u00e1 protegida a trav\u00e9s de todos los m\u00e9todos de seguridad adquiridos en www.donweb.com. He tomado todas las medidas a mi alcance tecnol\u00f3gico a fines de asegurar tanto tu privacidad como la m\u00eda. Toda la informaci\u00f3n recabada se encuentra debidamente encriptada por un certificado SSL.<\/strong><\/p><p><span style=\"color: #7d5512;\"><strong>1.B EXCLUSI\u00d3N DE GARANT\u00cdAS Y RESPONSABILIDAD<\/strong><\/span><\/p><p><strong>No me hago responsable, en ning\u00fan caso, de los da\u00f1os y perjuicios de cualquier naturaleza que pudieran ocasionar, a t\u00edtulo enunciativo: por errores u omisiones en los contenidos, por falta de disponibilidad del sitio web por mantenimientos t\u00e9cnicos peri\u00f3dicos, as\u00ed como por la transmisi\u00f3n de virus o programas maliciosos o lesivos en los contenidos que pudieran llegar a ocurrir, a pesar de haber adoptado todas las medidas tecnol\u00f3gicas necesarias para evitarlo.<\/strong><\/p><p><strong><span style=\"color: #7d5512;\">1.C PROPIEDA<\/span><span style=\"color: #7d5512;\">D INTELECTUAL<\/span><\/strong><\/p><p><strong><span style=\"color: #7d5512;\">COMO USUARIO<\/span> te compromet\u00e9s a respetar los derechos de Propiedad Intelectual e Industrial, titularidad de makaecharri.com. Podr\u00e1s \u00fanicamente VISUALIZAR los elementos de la web sin posibilidad de imprimirlos, copiarlos y usarlos o almacenarlos en el disco duro de tu ordenador o en cualquier otro soporte f\u00edsico. Deber\u00e1s abstenerte de suprimir, alterar, eludir o manipular cualquier dispositivo de protecci\u00f3n o sistema de seguridad que estuviera instalado en mi Sitio. Tampoco podr\u00e1s copiar material o textos para utilizar en otros sitios o plataformas digitales.<\/strong><\/p><p><strong>Soy titular y licenciataria de todos los derechos de propiedad intelectual e industrial de mi Sitio Web, as\u00ed como de los elementos contenidos en la misma: im\u00e1genes, fotograf\u00edas, sonido, audio, v\u00eddeo, software y\/o textos; marcas o logotipos, combinaciones de colores, estructura y dise\u00f1o, selecci\u00f3n de materiales usados, programas de ordenador necesarios para su funcionamiento, acceso y uso, etc.<\/strong><\/p><p><strong>| Todos los derechos reservados: Titularidad de Maka Echarri o bien de sus licenciantes | No pod\u00e9s copiar este aviso legal para darle uso en otro sitio |<\/strong><\/p><p><span style=\"color: #7d5512;\"><span style=\"color: #7d5512;\"><b>1.D DIVULGACI\u00d3N DE INFORMACI\u00d3N\u00a0Y ACCIONES PENALES<\/b><\/span><\/span><\/p><p><strong>Debo divulgar\/entregar tu informaci\u00f3n personal si se me requiere por Ley, a trav\u00e9s de una orden judicial o por incumplimiento de estas pol\u00edticas como por ejemplo violaci\u00f3n de mis derechos de propiedad intelectual o por recibir mensajes y correos electr\u00f3nicos que contengan cualquier tipo de amenazas, intimidaciones, abusos, ofensas, violencia. Perseguir\u00e9 el incumplimiento de las presentes condiciones as\u00ed como cualquier utilizaci\u00f3n indebida de mi Sitio Web o de mi informaci\u00f3n personal y de contacto, como as\u00ed tambi\u00e9n por estafa econ\u00f3mica ejerciendo todas las acciones civiles y penales que puedan corresponderme en derecho.<\/strong><\/p><p><span style=\"color: #7d5512;\"><strong>CAUSAS DE DISOLUCI\u00d3N DE CONTRATO DE UN SERVICIO<\/strong><\/span><\/p><p><strong>Tengo derecho a terminar o suspender cualquier y todos los Servicios contratados inmediatamente, sin previo aviso o responsabilidad, en caso de que vos no cumplas con las condiciones expuestas.<\/strong><\/p><p><strong>Ser\u00e1n causas de disoluci\u00f3n de contrato:<\/strong><br \/><strong>\u21e2 La falsedad, en todo o en parte, de los datos suministrados en el proceso de contacto o contrataci\u00f3n de cualquier servicio.<\/strong><\/p><p><strong>\u21e2 Actitudes violentas, intentos de abuso de cualquier tipo, insinuaciones fuera de lugar, maltrato.<\/strong><\/p><p><strong>\u21e2 Opiniones, comentarios, mensajes falsos e infundados con \u00e1nimo de desprestigiarme como titular de los productos o servicios adquiridos.<\/strong><\/p><p><strong>\u21e2\u00a0Alterar, eludir, realizar ingenier\u00eda inversa, descompilar, desmontar o alterar la tecnolog\u00eda de seguridad aportada por m\u00ed.<\/strong><\/p><p><strong>\u21e2 Divulgar mi informaci\u00f3n personal y\/o n\u00famero telef\u00f3nico sin mi previo consentimiento. Antes de recomendarme a alguien m\u00e1s y pasar mi n\u00famero de tel\u00e9fono por favor consultame, por mas buena intensi\u00f3n que tengas, te ruego que me avises antes.<\/strong><\/p><p><b>\u21e2 No suministrar material para poder proceder o finalizar con mi trabajo y\/o no efectuarme los pagos correspondientes, todo habiendo trascurrido un per\u00edodo de 30 d\u00edas corridos desde la \u00faltima comunicaci\u00f3n o de la fecha establecida\/pactada\/acordada.<\/b><\/p><p><strong>\u21e2 Cualquier incumplimiento establecido a lo largo de las condiciones.<\/strong><\/p><p><strong>La disoluci\u00f3n implica la p\u00e9rdida de tus derechos sobre el servicio contratado o el material recibido \/ cese del trabajo sin derecho a devoluci\u00f3n de dinero.<\/strong><\/p><h3><strong>2. POL\u00cdTICA DE COOKIES<\/strong><\/h3><p><strong>Mediante la tecnolog\u00eda Cookie puedo conocer cu\u00e1les son las \u00e1reas de la Website preferidas por los Usuarios, qu\u00e9 \u00e1reas necesitan ser mejoradas y qu\u00e9 tecnolog\u00eda se est\u00e1 utilizando a fin de mejorar permanentemente los servicios brindados en mi Sitio.<\/strong><\/p><p><strong>Si dejas un comentario en el blog o en Contacto, pod\u00e9s elegir guardar tu nombre y direcci\u00f3n de correo electr\u00f3nico en cookies, para que no tengas que volver a completar tus datos la pr\u00f3xima vez. Estas cookies duran un a\u00f1o.<\/strong><\/p><p><strong>Tu navegador, al igual que otros, puede estar programado para aceptar Cookies. En tal caso, si no dese\u00e1s brindar esa informaci\u00f3n adicional, pod\u00e9s programar tu navegador para rechazar Cookies, o para que \u00e9ste te advierta que un sitio intenta enviarle Cookies. Como \u00faltima instancia, no utilices este Sitio.<\/strong><\/p><hr \/><p><strong>CONTACTO<\/strong><\/p><p><strong>Si queres registrar una queja, ten\u00e9s dudas o simplemente quer\u00e9s m\u00e1s informaci\u00f3n sobre AVISO LEGAL, por favor contactame v\u00eda soymaka.echarri@gmail.com<\/strong><\/p><p>El contacto mediante esta WEBSITE o REDES SOCIALES es \u00fanicamente para motivos laborales o art\u00edsticos. No responder\u00e9 correos o mensajes que no tangan que ver con ello, Por cuestiones personales de urgencia u otros motivos ajenos a lo laboral, por favor contactarme mediante mis abogadxs v\u00eda estudioencinas@hotmail.com<\/p><p><strong>Denominaci\u00f3n social: Maka Echarri<\/strong><\/p><p><strong>Pilar, Buenos Aires, CP 1629, Argentina.-<\/strong><\/p>\t\t\t\t\t\t\t\t<\/div>\n\t\t\t\t<\/div>\n\t\t\t\t\t<\/div>\n\t\t<\/div>\n\t\t\t\t\t<\/div>\n\t\t<\/section>\n\t\t\t\t<section class=\"elementor-section elementor-top-section elementor-element elementor-element-6ba2b50 elementor-section-full_width elementor-section-stretched elementor-section-height-default elementor-section-height-default\" data-id=\"6ba2b50\" data-element_type=\"section\" data-e-type=\"section\" data-settings=\"{&quot;background_background&quot;:&quot;classic&quot;,&quot;stretch_section&quot;:&quot;section-stretched&quot;}\">\n\t\t\t\t\t\t<div class=\"elementor-container elementor-column-gap-default\">\n\t\t\t\t\t<div class=\"elementor-column elementor-col-100 elementor-top-column elementor-element elementor-element-2c4f1df\" data-id=\"2c4f1df\" data-element_type=\"column\" data-e-type=\"column\">\n\t\t\t<div class=\"elementor-widget-wrap elementor-element-populated\">\n\t\t\t\t\t\t<div class=\"elementor-element elementor-element-6f9fae5 elementor-widget elementor-widget-text-editor\" data-id=\"6f9fae5\" data-element_type=\"widget\" data-e-type=\"widget\" data-widget_type=\"text-editor.default\">\n\t\t\t\t<div class=\"elementor-widget-container\">\n\t\t\t\t\t\t\t\t\t<p style=\"text-align: center;\"><span style=\"color: #7d591d;\">Copyright \u00a9 2024 Maka Echarri \u2120<\/span><\/p>\t\t\t\t\t\t\t\t<\/div>\n\t\t\t\t<\/div>\n\t\t\t\t\t<\/div>\n\t\t<\/div>\n\t\t\t\t\t<\/div>\n\t\t<\/section>\n\t\t\t\t<\/div>","protected":false},"excerpt":{"rendered":"<p>Pol\u00edtica &#038; Cookies \/ Policy &#038; Terms Al usar este sitio web, manifest\u00e1s tu consentimiento a las Pol\u00edticas completas. Si no est\u00e1s de acuerdo con los t\u00e9rminos, por favor, no utilices el sitio. Me reservo el derecho de cambiar algo de estas pol\u00edticas y t\u00e9rminos en cualquier momento en caso de ser necesario. Consult\u00e1 esta [&hellip;]<\/p>\n","protected":false},"author":2,"featured_media":0,"parent":0,"menu_order":0,"comment_status":"closed","ping_status":"closed","template":"","meta":{"ocean_post_layout":"full-width","ocean_both_sidebars_style":"","ocean_both_sidebars_content_width":0,"ocean_both_sidebars_sidebars_width":0,"ocean_sidebar":"0","ocean_second_sidebar":"0","ocean_disable_margins":"enable","ocean_add_body_class":"","ocean_shortcode_before_top_bar":"","ocean_shortcode_after_top_bar":"","ocean_shortcode_before_header":"","ocean_shortcode_after_header":"","ocean_has_shortcode":"","ocean_shortcode_after_title":"","ocean_shortcode_before_footer_widgets":"","ocean_shortcode_after_footer_widgets":"","ocean_shortcode_before_footer_bottom":"","ocean_shortcode_after_footer_bottom":"","ocean_display_top_bar":"default","ocean_display_header":"default","ocean_header_style":"","ocean_center_header_left_menu":"0","ocean_custom_header_template":"0","ocean_custom_logo":0,"ocean_custom_retina_logo":0,"ocean_custom_logo_max_width":0,"ocean_custom_logo_tablet_max_width":0,"ocean_custom_logo_mobile_max_width":0,"ocean_custom_logo_max_height":0,"ocean_custom_logo_tablet_max_height":0,"ocean_custom_logo_mobile_max_height":0,"ocean_header_custom_menu":"2","ocean_menu_typo_font_family":"Raleway","ocean_menu_typo_font_subset":"","ocean_menu_typo_font_size":0,"ocean_menu_typo_font_size_tablet":0,"ocean_menu_typo_font_size_mobile":0,"ocean_menu_typo_font_size_unit":"px","ocean_menu_typo_font_weight":"","ocean_menu_typo_font_weight_tablet":"","ocean_menu_typo_font_weight_mobile":"","ocean_menu_typo_transform":"","ocean_menu_typo_transform_tablet":"","ocean_menu_typo_transform_mobile":"","ocean_menu_typo_line_height":0,"ocean_menu_typo_line_height_tablet":0,"ocean_menu_typo_line_height_mobile":0,"ocean_menu_typo_line_height_unit":"","ocean_menu_typo_spacing":0,"ocean_menu_typo_spacing_tablet":0,"ocean_menu_typo_spacing_mobile":0,"ocean_menu_typo_spacing_unit":"","ocean_menu_link_color":"","ocean_menu_link_color_hover":"","ocean_menu_link_color_active":"","ocean_menu_link_background":"","ocean_menu_link_hover_background":"","ocean_menu_link_active_background":"","ocean_menu_social_links_bg":"","ocean_menu_social_hover_links_bg":"","ocean_menu_social_links_color":"","ocean_menu_social_hover_links_color":"","ocean_disable_title":"default","ocean_disable_heading":"default","ocean_post_title":"","ocean_post_subheading":"","ocean_post_title_style":"","ocean_post_title_background_color":"","ocean_post_title_background":0,"ocean_post_title_bg_image_position":"","ocean_post_title_bg_image_attachment":"","ocean_post_title_bg_image_repeat":"","ocean_post_title_bg_image_size":"","ocean_post_title_height":0,"ocean_post_title_bg_overlay":0.5,"ocean_post_title_bg_overlay_color":"","ocean_disable_breadcrumbs":"default","ocean_breadcrumbs_color":"","ocean_breadcrumbs_separator_color":"","ocean_breadcrumbs_links_color":"","ocean_breadcrumbs_links_hover_color":"","ocean_display_footer_widgets":"default","ocean_display_footer_bottom":"default","ocean_custom_footer_template":"0","footnotes":""},"class_list":["post-3171","page","type-page","status-publish","hentry","entry"],"yoast_head":"<!-- This site is optimized with the Yoast SEO plugin v27.4 - https:\/\/yoast.com\/product\/yoast-seo-wordpress\/ -->\n<title>Pol\u00edtica Policy - Maka Echarri<\/title>\n<meta name=\"robots\" content=\"index, follow, max-snippet:-1, max-image-preview:large, max-video-preview:-1\" \/>\n<link rel=\"canonical\" href=\"https:\/\/makaecharri.com\/en\/politica-policy\/\" \/>\n<meta property=\"og:locale\" content=\"en_GB\" \/>\n<meta property=\"og:type\" content=\"article\" \/>\n<meta property=\"og:title\" content=\"Pol\u00edtica Policy - Maka Echarri\" \/>\n<meta property=\"og:description\" content=\"Pol\u00edtica &#038; Cookies \/ Policy &#038; Terms Al usar este sitio web, manifest\u00e1s tu consentimiento a las Pol\u00edticas completas. Si no est\u00e1s de acuerdo con los t\u00e9rminos, por favor, no utilices el sitio. Me reservo el derecho de cambiar algo de estas pol\u00edticas y t\u00e9rminos en cualquier momento en caso de ser necesario. Consult\u00e1 esta [&hellip;]\" \/>\n<meta property=\"og:url\" content=\"https:\/\/makaecharri.com\/en\/politica-policy\/\" \/>\n<meta property=\"og:site_name\" content=\"Maka Echarri\" \/>\n<meta property=\"article:modified_time\" content=\"2024-01-15T19:00:32+00:00\" \/>\n<meta name=\"twitter:card\" content=\"summary_large_image\" \/>\n<meta name=\"twitter:label1\" content=\"Estimated reading time\" \/>\n\t<meta name=\"twitter:data1\" content=\"5 minutes\" \/>\n<script type=\"application\/ld+json\" class=\"yoast-schema-graph\">{\"@context\":\"https:\\\/\\\/schema.org\",\"@graph\":[{\"@type\":\"WebPage\",\"@id\":\"https:\\\/\\\/makaecharri.com\\\/politica-policy\\\/\",\"url\":\"https:\\\/\\\/makaecharri.com\\\/politica-policy\\\/\",\"name\":\"Pol\u00edtica Policy - Maka Echarri\",\"isPartOf\":{\"@id\":\"https:\\\/\\\/makaecharri.com\\\/#website\"},\"datePublished\":\"2021-01-03T19:28:42+00:00\",\"dateModified\":\"2024-01-15T19:00:32+00:00\",\"breadcrumb\":{\"@id\":\"https:\\\/\\\/makaecharri.com\\\/politica-policy\\\/#breadcrumb\"},\"inLanguage\":\"en-GB\",\"potentialAction\":[{\"@type\":\"ReadAction\",\"target\":[\"https:\\\/\\\/makaecharri.com\\\/politica-policy\\\/\"]}]},{\"@type\":\"BreadcrumbList\",\"@id\":\"https:\\\/\\\/makaecharri.com\\\/politica-policy\\\/#breadcrumb\",\"itemListElement\":[{\"@type\":\"ListItem\",\"position\":1,\"name\":\"Portada\",\"item\":\"https:\\\/\\\/makaecharri.com\\\/\"},{\"@type\":\"ListItem\",\"position\":2,\"name\":\"Pol\u00edtica Policy\"}]},{\"@type\":\"WebSite\",\"@id\":\"https:\\\/\\\/makaecharri.com\\\/#website\",\"url\":\"https:\\\/\\\/makaecharri.com\\\/\",\"name\":\"Maka Echarri\",\"description\":\"\",\"publisher\":{\"@id\":\"https:\\\/\\\/makaecharri.com\\\/#organization\"},\"potentialAction\":[{\"@type\":\"SearchAction\",\"target\":{\"@type\":\"EntryPoint\",\"urlTemplate\":\"https:\\\/\\\/makaecharri.com\\\/?s={search_term_string}\"},\"query-input\":{\"@type\":\"PropertyValueSpecification\",\"valueRequired\":true,\"valueName\":\"search_term_string\"}}],\"inLanguage\":\"en-GB\"},{\"@type\":\"Organization\",\"@id\":\"https:\\\/\\\/makaecharri.com\\\/#organization\",\"name\":\"Maka Echarri\",\"url\":\"https:\\\/\\\/makaecharri.com\\\/\",\"logo\":{\"@type\":\"ImageObject\",\"inLanguage\":\"en-GB\",\"@id\":\"https:\\\/\\\/makaecharri.com\\\/#\\\/schema\\\/logo\\\/image\\\/\",\"url\":\"https:\\\/\\\/makaecharri.com\\\/wp-content\\\/uploads\\\/2020\\\/09\\\/cropped-Maka-Echarri-website.png\",\"contentUrl\":\"https:\\\/\\\/makaecharri.com\\\/wp-content\\\/uploads\\\/2020\\\/09\\\/cropped-Maka-Echarri-website.png\",\"width\":500,\"height\":137,\"caption\":\"Maka Echarri\"},\"image\":{\"@id\":\"https:\\\/\\\/makaecharri.com\\\/#\\\/schema\\\/logo\\\/image\\\/\"}}]}<\/script>\n<!-- \/ Yoast SEO plugin. -->","yoast_head_json":{"title":"Pol\u00edtica Policy - Maka Echarri","robots":{"index":"index","follow":"follow","max-snippet":"max-snippet:-1","max-image-preview":"max-image-preview:large","max-video-preview":"max-video-preview:-1"},"canonical":"https:\/\/makaecharri.com\/en\/politica-policy\/","og_locale":"en_GB","og_type":"article","og_title":"Pol\u00edtica Policy - Maka Echarri","og_description":"Pol\u00edtica &#038; Cookies \/ Policy &#038; Terms Al usar este sitio web, manifest\u00e1s tu consentimiento a las Pol\u00edticas completas. Si no est\u00e1s de acuerdo con los t\u00e9rminos, por favor, no utilices el sitio. Me reservo el derecho de cambiar algo de estas pol\u00edticas y t\u00e9rminos en cualquier momento en caso de ser necesario. Consult\u00e1 esta [&hellip;]","og_url":"https:\/\/makaecharri.com\/en\/politica-policy\/","og_site_name":"Maka Echarri","article_modified_time":"2024-01-15T19:00:32+00:00","twitter_card":"summary_large_image","twitter_misc":{"Estimated reading time":"5 minutes"},"schema":{"@context":"https:\/\/schema.org","@graph":[{"@type":"WebPage","@id":"https:\/\/makaecharri.com\/politica-policy\/","url":"https:\/\/makaecharri.com\/politica-policy\/","name":"Pol\u00edtica Policy - Maka Echarri","isPartOf":{"@id":"https:\/\/makaecharri.com\/#website"},"datePublished":"2021-01-03T19:28:42+00:00","dateModified":"2024-01-15T19:00:32+00:00","breadcrumb":{"@id":"https:\/\/makaecharri.com\/politica-policy\/#breadcrumb"},"inLanguage":"en-GB","potentialAction":[{"@type":"ReadAction","target":["https:\/\/makaecharri.com\/politica-policy\/"]}]},{"@type":"BreadcrumbList","@id":"https:\/\/makaecharri.com\/politica-policy\/#breadcrumb","itemListElement":[{"@type":"ListItem","position":1,"name":"Portada","item":"https:\/\/makaecharri.com\/"},{"@type":"ListItem","position":2,"name":"Pol\u00edtica Policy"}]},{"@type":"WebSite","@id":"https:\/\/makaecharri.com\/#website","url":"https:\/\/makaecharri.com\/","name":"Maka Echarri","description":"","publisher":{"@id":"https:\/\/makaecharri.com\/#organization"},"potentialAction":[{"@type":"SearchAction","target":{"@type":"EntryPoint","urlTemplate":"https:\/\/makaecharri.com\/?s={search_term_string}"},"query-input":{"@type":"PropertyValueSpecification","valueRequired":true,"valueName":"search_term_string"}}],"inLanguage":"en-GB"},{"@type":"Organization","@id":"https:\/\/makaecharri.com\/#organization","name":"Maka Echarri","url":"https:\/\/makaecharri.com\/","logo":{"@type":"ImageObject","inLanguage":"en-GB","@id":"https:\/\/makaecharri.com\/#\/schema\/logo\/image\/","url":"https:\/\/makaecharri.com\/wp-content\/uploads\/2020\/09\/cropped-Maka-Echarri-website.png","contentUrl":"https:\/\/makaecharri.com\/wp-content\/uploads\/2020\/09\/cropped-Maka-Echarri-website.png","width":500,"height":137,"caption":"Maka Echarri"},"image":{"@id":"https:\/\/makaecharri.com\/#\/schema\/logo\/image\/"}}]}},"_links":{"self":[{"href":"https:\/\/makaecharri.com\/en\/wp-json\/wp\/v2\/pages\/3171","targetHints":{"allow":["GET"]}}],"collection":[{"href":"https:\/\/makaecharri.com\/en\/wp-json\/wp\/v2\/pages"}],"about":[{"href":"https:\/\/makaecharri.com\/en\/wp-json\/wp\/v2\/types\/page"}],"author":[{"embeddable":true,"href":"https:\/\/makaecharri.com\/en\/wp-json\/wp\/v2\/users\/2"}],"replies":[{"embeddable":true,"href":"https:\/\/makaecharri.com\/en\/wp-json\/wp\/v2\/comments?post=3171"}],"version-history":[{"count":117,"href":"https:\/\/makaecharri.com\/en\/wp-json\/wp\/v2\/pages\/3171\/revisions"}],"predecessor-version":[{"id":9147,"href":"https:\/\/makaecharri.com\/en\/wp-json\/wp\/v2\/pages\/3171\/revisions\/9147"}],"wp:attachment":[{"href":"https:\/\/makaecharri.com\/en\/wp-json\/wp\/v2\/media?parent=3171"}],"curies":[{"name":"wp","href":"https:\/\/api.w.org\/{rel}","templated":true}]}}